{"id":297,"date":"2017-11-14T07:16:56","date_gmt":"2017-11-14T07:16:56","guid":{"rendered":"https:\/\/fluke.beocondis-apps.de\/?page_id=297"},"modified":"2019-07-09T07:25:06","modified_gmt":"2019-07-09T07:25:06","slug":"impressum","status":"publish","type":"page","link":"https:\/\/bae2.de\/en\/impressum\/","title":{"rendered":"Impressum"},"content":{"rendered":"<div class=\"col-md-6 col-xs-12 text-left\">\n<h2>IMPRESSUM<\/h2>\n<p>Dieses Impressum gilt auch f\u00fcr unsere Pr\u00e4senzen auf anderen Webseiten inklusive Social Media Profile.<\/p>\n<h3>Pflichtangaben nach \u00a7 5 TMG und \u00a7 55 RStV<\/h3>\n<p><strong>ZOK RIBNITZ<\/strong><br \/>\nDR. MATHIAS BENEDIX<br \/>\nBahnhofstra\u00dfe 43a<br \/>\n18311 Ribnitz-Darmgarten<br \/>\n<a style=\"color: #000 !important; font-weight: 200;\" href=\"tel:+49123456789\">T 0123 45 67 89<\/a><br \/>\n<a href=\"mailto:info@zok-ribnitz.de\">M info@zok-ribnitz.de<\/a><\/p>\n<p>Praxis-\/Rechtsform: \u00dcber\u00f6rtliche Berufsaus\u00fcbungsgemeinschaft (\u00dcBAG)<\/p>\n<h3>JOURNALISTISCH-REDAKTIONELLE VERANTWORTUNG<\/h3>\n<p>Sofern nicht anders vermerkt, liegt die journalistisch-redaktionelle Verantwortung bei Dr. Mathias Benedix. Gem\u00e4\u00df \u00a7 28 BDSG widerspreche ich jeder kommerziellen Verwendung und Weitergabe meiner Daten.<\/p>\n<h3>KONTAKT<\/h3>\n<p><strong>ZOK RIBNITZ<\/strong><br \/>\nDR. MATHIAS BENEDIX<br \/>\nBahnhofstra\u00dfe 43a<br \/>\n18311 Ribnitz-Darmgarten<br \/>\n<a style=\"color: #000 !important; font-weight: 200;\" href=\"tel:+49123456789\">T 0123 45 67 89<\/a><br \/>\n<a href=\"mailto:info@zok-ribnitz.de\">M info@zok-ribnitz.de<\/a><\/p>\n<h3>GESETZLICHE BERUFSBEZEICHNUNG<\/h3>\n<p><strong>Dr. Mathias Benedix<\/strong><br \/>\nZahnarzt, Erwerb der Approbation 2012 in Witten\/Herdecke.<br \/>\nFachzahnarzt f\u00fcr Oralchirurgie, Erwerb der Fachzahnarzt-Anerkennung 2017 in Rostock.<\/p>\n<h3 style=\"text-transform: uppercase;\">Zust\u00e4ndige Beh\u00f6rden<\/h3>\n<p><strong>Zahn\u00e4rztekammer Mecklenburg-Vorpommern<\/strong><br \/>\nK\u00f6rperschaft des \u00f6ffentlichen Rechts<br \/>\nWismarsche Str. 304<br \/>\n19055 Schwerin<br \/>\nTel.: 0385 59108-0<br \/>\nE-Mail: info@zaekmv.de<br \/>\n<a href=\"https:\/\/www.zaekmv.de\/\" target=\"_blank\" rel=\"noopener noreferrer\">www.zaekmv.de<\/a><\/p>\n<p><strong>Kassenzahn\u00e4rztliche Vereinigung Mecklenburg-Vorpommern<\/strong><br \/>\nK\u00f6rperschaft des \u00f6ffentlichen Rechts<br \/>\nWismarsche Stra\u00dfe 304<br \/>\n19055 Schwerin<br \/>\nTel.: 0385 5492-0<br \/>\nE-Mail: info@kzvmv.de<br \/>\n<a href=\"https:\/\/www.kzvmv.de\/\" target=\"_blank\" rel=\"noopener noreferrer\">www.kzvmv.de<\/a><\/p>\n<p>\u00a0<\/p>\n<h3 style=\"text-transform: uppercase;\">Berufsrechtliche Regelungen<\/h3>\n<p><a href=\"http:\/\/www.sozialgesetzbuch-sgb.de\/sgbv\/1.html\" target=\"_blank\" rel=\"noopener noreferrer\">Sozialgesetzbuch, F\u00fcnftes Buch (SGB V) \u2013 Gesetzliche Krankenversicherung<\/a><br \/>\n<a href=\"https:\/\/www.gesetze-im-internet.de\/zo-zahn_rzte\/BJNR005820957.html\" target=\"_blank\" rel=\"noopener noreferrer\">Zulassungsverordnung f\u00fcr Vertragszahn\u00e4rzte (Zahn\u00e4rzte-ZV)<\/a><br \/>\n<a href=\"https:\/\/www.gesetze-im-internet.de\/zhg\/BJNR002210952.html\" target=\"_blank\" rel=\"noopener noreferrer\">Gesetz \u00fcber die Aus\u00fcbung der Zahnheilkunde (ZHG) <\/a><br \/>\n<a href=\"https:\/\/www.gesetze-im-internet.de\/zhg\/anlage.html\" target=\"_blank\" rel=\"noopener noreferrer\">Anlage zum Zahnheilkundegesetz <\/a><br \/>\n<a href=\"https:\/\/www.gesetze-im-internet.de\/z_pro\/BJNR000370955.html\" target=\"_blank\" rel=\"noopener noreferrer\">Approbationsordnung f\u00fcr Zahn\u00e4rzte (ZappO) <\/a><br \/>\n<a href=\"https:\/\/www.bzaek.de\/fileadmin\/PDFs\/goz\/gebuehrenordnung_fuer_zahnaerzte_2012.pdf\" target=\"_blank\" rel=\"noopener noreferrer\">Geb\u00fchrenordnung f\u00fcr Zahn\u00e4rzte<\/a><br \/>\n<a href=\"https:\/\/www.gesetze-im-internet.de\/heilmwerbg\/BJNR006049965.html\" target=\"_blank\" rel=\"noopener noreferrer\">Heilmittelwerbegesetz<\/a><\/p>\n<h3 style=\"text-transform: uppercase;\">Landesspezifische Regelungen (Mecklenburg-Vorpommern)<\/h3>\n<p><a href=\"https:\/\/www.zaekmv.de\/fileadmin\/Redaktion\/PDF_Satzungen_Ordnungen\/2_Berufsordnung.pdf\" target=\"_blank\" rel=\"noopener noreferrer\">Berufsordnung f\u00fcr Zahn\u00e4rzte\/Zahn\u00e4rztinnen<\/a><br \/>\n<a href=\"http:\/\/www.landesrecht-mv.de\/jportal\/portal\/page\/bsmvprod.psml?showdoccase=1&#038;doc.id=jlr-HeilBerGMVrahmen&#038;doc.part=X&#038;doc.origin=bs\" target=\"_blank\" rel=\"noopener noreferrer\">Heilberufe-Kammergesetz<\/a><\/p>\n<p>\u00a0<\/p>\n<h3>CORPORATE IDENTITY, WEBSITE-LAYOUT, TEXT UND BILDSPRACHE<\/h3>\n<p><a href=\"http:\/\/www.m-2c.de\/\"><span style=\"font-weight: 400;\">m2c\u00a0|\u00a0medical concepts &#038; consulting<\/span><\/a><strong> &#8211; AGENTUR F\u00dcR PRAXISMARKETING<\/strong><\/p>\n<p>\u00a0<\/p>\n<h3>WEBSITE, TECHNISCHE KONZEPTION &#038; UMSETZUNG<\/h3>\n<p><a href=\"http:\/\/www.beocondis.de\/\"><span style=\"font-weight: 400;\">BeoCondis AG<\/span><\/a><\/p>\n<p>\u00a0<\/p>\n<h3>BILDNACHWEIS<\/h3>\n<p><a href=\"http:\/\/www.bjoerngiesbrecht.de\/\" target=\"_blank\" rel=\"noopener\"><span style=\"font-weight: 400;\">\u00a9 Bj\u00f6rn Giesbrecht<\/span><\/a><\/p>\n<p>\u00a0<\/p>\n<h3 style=\"text-transform: uppercase;\">Urheberrecht<\/h3>\n<p>Die auf dieser Webseite ver\u00f6ffentlichten Inhalte und Werke (u.a. Bilder) unterliegen dem deutschen Urheberrecht. Jede Bearbeitung, Verbreitung, Vervielf\u00e4ltigung und jede Art der Verwertung au\u00dferhalb der Grenzen des Urheberrechts bed\u00fcrfen der vorherigen schriftlichen Zustimmung des jeweiligen Urhebers. Downloads und Kopien dieser Seite sind nur f\u00fcr den privaten, nicht kommerziellen Gebrauch gestattet. Soweit Inhalte dieser Seite von Dritten erstellt wurden, wird auch hier das Urheberrecht beachtet. Sollten dennoch Inhalte mit Rechtsverletzungen vorhanden sein, bitte geben Sie mir einen entsprechenden Hinweis. Diese Inhalte werden bei Kenntnisnahme umgehend entfernt.<\/p>\n<h3>HAFTUNGSBESCHR\u00c4NKUNG F\u00dcR EIGENE INHALTE<\/h3>\n<p>Die auf dieser Webseite ver\u00f6ffentlichten Inhalte und Werke (u.a. Bilder) unterliegen dem deutschen Urheberrecht. Jede Bearbeitung, Verbreitung, Vervielf\u00e4ltigung und jede Art der Verwertung au\u00dferhalb der Grenzen des Urheberrechts bed\u00fcrfen der vorherigen schriftlichen Zustimmung des jeweiligen Urhebers. Downloads und Kopien dieser Seite sind nur f\u00fcr den privaten, nicht kommerziellen Gebrauch gestattet. Soweit Inhalte dieser Seite von Dritten erstellt wurden, wird auch hier das Urheberrecht beachtet. Sollten dennoch Inhalte mit Rechtsverletzungen vorhanden sein, bitte geben Sie mir einen entsprechenden Hinweis. Diese Inhalte werden bei Kenntnisnahme umgehend entfernt.<\/p>\n<h3>HAFTUNGSBESCHR\u00c4NKUNG F\u00dcR EXTERNE INHALTE<\/h3>\n<p>Diese Webseite enth\u00e4lt Verkn\u00fcpfungen zu Webseiten Dritter (externe Links). Hier haben wir keinen Einfluss auf deren Inhalte und \u00fcbernehmen somit keine Gew\u00e4hr. Diese Feststellung gilt f\u00fcr alle innerhalb des eigenen Internetangebotes gesetzten Links und Verweise sowie f\u00fcr Fremdeintr\u00e4ge in vom Autor eingerichteten G\u00e4steb\u00fcchern, Diskussionsforen, Linkverzeichnissen, Mailinglisten und in allen anderen Formen von Datenbanken, auf deren Inhalt externe Schreibzugriffe m\u00f6glich sind. F\u00fcr die Richtigkeit und Inhalt der jeweiligen verlinkten Webseite ist der Informationsanbieter verantwortlich. Zum Zeitpunkt der Verlinkung waren keine Rechtsverst\u00f6\u00dfe erkennbar. Wenn hier eine Rechtsverletzung bekannt wird, wird der jeweilige Link entfernt.<\/p>\n<h3>RECHTSWIRKSAMKEIT DIESES IMPRESSUMS (SALVATORISCHE KLAUSEL)<\/h3>\n<p>Dieses Impressum ist als Teil des Internetangebotes zu betrachten, von dem aus auf diese Seite verwiesen wurde. Sofern Teile oder einzelne Formulierungen dieses Textes der geltenden Rechtslage nicht, nicht mehr oder nicht vollst\u00e4ndig entsprechen sollten, bleiben die \u00fcbrigen Teile des Dokumentes in ihrem Inhalt und ihrer G\u00fcltigkeit davon unber\u00fchrt.<\/p>\n<h3>HINWEISE ZUM ALLGEMEINEN GLEICHBEHANDLUNGSGESETZ<\/h3>\n<p>Auf Grund der leichteren Lesbarkeit wird auf eine geschlechterspezifische Differenzierung verzichtet. Entsprechende Begriffe gelten im Sinne der Gleichbehandlung f\u00fcr beide Geschlechter.<\/p>\n<\/div>\n<div class=\"col-md-6 col-xs-12 text-left\">\n<h2>Datenschutzerkl\u00e4rung<\/h2>\n<\/div>\n","protected":false},"excerpt":{"rendered":"<p>IMPRESSUM Dieses Impressum gilt auch f\u00fcr unsere Pr\u00e4senzen auf anderen Webseiten inklusive Social Media Profile. Pflichtangaben nach \u00a7 5 TMG [&hellip;]<\/p>\n","protected":false},"author":3,"featured_media":1975,"parent":0,"menu_order":18,"comment_status":"closed","ping_status":"closed","template":"page-templates\/impressum.php","meta":{"_acf_changed":false,"footnotes":""},"class_list":["post-297","page","type-page","status-publish","has-post-thumbnail","hentry"],"translation":{"provider":"WPGlobus","version":"3.0.2","language":"en","enabled_languages":["de","en","ko"],"languages":{"de":{"title":true,"content":true,"excerpt":false},"en":{"title":false,"content":false,"excerpt":false},"ko":{"title":false,"content":false,"excerpt":false}}},"acf":[],"_links":{"self":[{"href":"https:\/\/bae2.de\/en\/wp-json\/wp\/v2\/pages\/297","targetHints":{"allow":["GET"]}}],"collection":[{"href":"https:\/\/bae2.de\/en\/wp-json\/wp\/v2\/pages"}],"about":[{"href":"https:\/\/bae2.de\/en\/wp-json\/wp\/v2\/types\/page"}],"author":[{"embeddable":true,"href":"https:\/\/bae2.de\/en\/wp-json\/wp\/v2\/users\/3"}],"replies":[{"embeddable":true,"href":"https:\/\/bae2.de\/en\/wp-json\/wp\/v2\/comments?post=297"}],"version-history":[{"count":0,"href":"https:\/\/bae2.de\/en\/wp-json\/wp\/v2\/pages\/297\/revisions"}],"wp:featuredmedia":[{"embeddable":true,"href":"https:\/\/bae2.de\/en\/wp-json\/wp\/v2\/media\/1975"}],"wp:attachment":[{"href":"https:\/\/bae2.de\/en\/wp-json\/wp\/v2\/media?parent=297"}],"curies":[{"name":"wp","href":"https:\/\/api.w.org\/{rel}","templated":true}]}}