{"id":1719,"date":"2019-05-07T12:05:17","date_gmt":"2019-05-07T12:05:17","guid":{"rendered":"https:\/\/bae2.de\/?page_id=1719"},"modified":"2021-11-25T13:05:06","modified_gmt":"2021-11-25T13:05:06","slug":"kinder","status":"publish","type":"page","link":"https:\/\/bae2.de\/ko\/kinder\/","title":{"rendered":"Kinder"},"content":{"rendered":"<p>Bereits im jungen Kindesalter beeinflussen erblich bedingte Faktoren oder auch Habits die Zahn- und Kieferentwicklung. Die Aufgabe des Kieferorthop\u00e4den besteht darin, unerw\u00fcnschte Fehlentwicklungen fr\u00fchzeitig zu erkennen und die weitere Auspr\u00e4gung dieser im Rahmen einer Fr\u00fchbehandlung zu verhindern. Diese Art von Intervention kann eine sp\u00e4tere kieferorthop\u00e4dische Behandlung erheblich erleichtern. Eine Erstvorstellung bei Ihrem Kieferorthop\u00e4den sollte vor dem 7. Lebensjahr erfolgen.<\/p>\n<p>\u00a0<\/p>\n<h2>Behandlungsnotwendigkeit und der richtige Zeitpunkt<\/h2>\n","protected":false},"excerpt":{"rendered":"<p>Bereits im jungen Kindesalter beeinflussen erblich bedingte Faktoren oder auch Habits die Zahn- und Kieferentwicklung. Die Aufgabe des Kieferorthop\u00e4den besteht [&hellip;]<\/p>\n","protected":false},"author":3,"featured_media":1981,"parent":0,"menu_order":6,"comment_status":"closed","ping_status":"closed","template":"page-templates\/naviitem.php","meta":{"_acf_changed":false,"footnotes":""},"class_list":["post-1719","page","type-page","status-publish","has-post-thumbnail","hentry"],"translation":{"provider":"WPGlobus","version":"3.0.2","language":"ko","enabled_languages":["de","en","ko"],"languages":{"de":{"title":true,"content":true,"excerpt":false},"en":{"title":true,"content":true,"excerpt":false},"ko":{"title":false,"content":false,"excerpt":false}}},"acf":[],"_links":{"self":[{"href":"https:\/\/bae2.de\/ko\/wp-json\/wp\/v2\/pages\/1719","targetHints":{"allow":["GET"]}}],"collection":[{"href":"https:\/\/bae2.de\/ko\/wp-json\/wp\/v2\/pages"}],"about":[{"href":"https:\/\/bae2.de\/ko\/wp-json\/wp\/v2\/types\/page"}],"author":[{"embeddable":true,"href":"https:\/\/bae2.de\/ko\/wp-json\/wp\/v2\/users\/3"}],"replies":[{"embeddable":true,"href":"https:\/\/bae2.de\/ko\/wp-json\/wp\/v2\/comments?post=1719"}],"version-history":[{"count":0,"href":"https:\/\/bae2.de\/ko\/wp-json\/wp\/v2\/pages\/1719\/revisions"}],"wp:featuredmedia":[{"embeddable":true,"href":"https:\/\/bae2.de\/ko\/wp-json\/wp\/v2\/media\/1981"}],"wp:attachment":[{"href":"https:\/\/bae2.de\/ko\/wp-json\/wp\/v2\/media?parent=1719"}],"curies":[{"name":"wp","href":"https:\/\/api.w.org\/{rel}","templated":true}]}}