{"id":1770,"date":"2019-06-28T07:51:20","date_gmt":"2019-06-28T07:51:20","guid":{"rendered":"https:\/\/bae2.de\/?page_id=1770"},"modified":"2019-09-25T10:36:42","modified_gmt":"2019-09-25T10:36:42","slug":"jugendliche","status":"publish","type":"page","link":"https:\/\/bae2.de\/ko\/jugendliche\/","title":{"rendered":"Jugendliche"},"content":{"rendered":"<p>Viele Jugendliche sind besorgt, dass eine kieferorthop\u00e4dische Behandlung zwingend mit Beschwerden und einer Einschr\u00e4nkung der \u00c4sthetik einhergeht. Mit der richtigen Auswahl der Spange und der korrekten Vorgehensweise bei der Therapie k\u00f6nnen diese Faktoren durchaus minimiert werden. Sprechen Sie uns, Ihre Kieferorthop\u00e4die Oberursel, gerne darauf an. Das jugendliche Alter stellt einen guten Zeitpunkt f\u00fcr den kieferorthop\u00e4dischen Behandlungsbeginn dar.<\/p>\n<p>In der Kieferorthop\u00e4die stehen uns, Ihrer KFO Oberursel, eine Reihe von Behandlungsm\u00f6glichkeiten bzw. Behandlungsapparaturen wie zum Beispiel sichtbare feste Zahnspangen, unauff\u00e4llige nahezu unsichtbare, hinter den Z\u00e4hnen befestigte Zahnspangen und kaum sichtbare Schienen zur Verf\u00fcgung.<\/p>\n<p>Im jugendlichen Alter k\u00f6nnen nicht nur Zahnfehlstellungen sondern auch Kieferfehlstellungen bis zu einem gewissen Auspr\u00e4gungsgrad korrigiert werden. Die Wahl der richtigen Spange sollte unter Ber\u00fccksichtigung verschiedener Faktoren wie der Fehlstellung der Z\u00e4hne und des Kiefers, den individuellen Bed\u00fcrfnissen des Patienten wie \u00c4sthetik, Tragekomfort und Hobbies (Instrumente spielen wie beispielweise Trompete oder Fl\u00f6te) erfolgen. In einem gemeinsamen Beratungsgespr\u00e4ch in unserer Kieferorthop\u00e4die Oberursel wird daher nicht nur auf die Vor- und Nachteile aus medizinischer Sicht, sondern auch auf die ganz pers\u00f6nlichen Bed\u00fcrfnisse der Patienten eingegangen.<\/p>\n<p>\u00a0<\/p>\n<h2>Behandlungsnotwendigkeit und der richtige Zeitpunkt<\/h2>\n","protected":false},"excerpt":{"rendered":"<p>Viele Jugendliche sind besorgt, dass eine kieferorthop\u00e4dische Behandlung zwingend mit Beschwerden und einer Einschr\u00e4nkung der \u00c4sthetik einhergeht. Mit der richtigen [&hellip;]<\/p>\n","protected":false},"author":3,"featured_media":1983,"parent":0,"menu_order":7,"comment_status":"closed","ping_status":"closed","template":"page-templates\/naviitem.php","meta":{"_acf_changed":false,"footnotes":""},"class_list":["post-1770","page","type-page","status-publish","has-post-thumbnail","hentry"],"translation":{"provider":"WPGlobus","version":"3.0.2","language":"ko","enabled_languages":["de","en","ko"],"languages":{"de":{"title":true,"content":true,"excerpt":false},"en":{"title":false,"content":false,"excerpt":false},"ko":{"title":false,"content":false,"excerpt":false}}},"acf":[],"_links":{"self":[{"href":"https:\/\/bae2.de\/ko\/wp-json\/wp\/v2\/pages\/1770","targetHints":{"allow":["GET"]}}],"collection":[{"href":"https:\/\/bae2.de\/ko\/wp-json\/wp\/v2\/pages"}],"about":[{"href":"https:\/\/bae2.de\/ko\/wp-json\/wp\/v2\/types\/page"}],"author":[{"embeddable":true,"href":"https:\/\/bae2.de\/ko\/wp-json\/wp\/v2\/users\/3"}],"replies":[{"embeddable":true,"href":"https:\/\/bae2.de\/ko\/wp-json\/wp\/v2\/comments?post=1770"}],"version-history":[{"count":0,"href":"https:\/\/bae2.de\/ko\/wp-json\/wp\/v2\/pages\/1770\/revisions"}],"wp:featuredmedia":[{"embeddable":true,"href":"https:\/\/bae2.de\/ko\/wp-json\/wp\/v2\/media\/1983"}],"wp:attachment":[{"href":"https:\/\/bae2.de\/ko\/wp-json\/wp\/v2\/media?parent=1770"}],"curies":[{"name":"wp","href":"https:\/\/api.w.org\/{rel}","templated":true}]}}