{"id":1797,"date":"2019-06-28T08:37:36","date_gmt":"2019-06-28T08:37:36","guid":{"rendered":"https:\/\/bae2.de\/?page_id=1797"},"modified":"2021-11-25T13:15:28","modified_gmt":"2021-11-25T13:15:28","slug":"erwachsene","status":"publish","type":"page","link":"https:\/\/bae2.de\/ko\/erwachsene\/","title":{"rendered":"Erwachsene"},"content":{"rendered":"<p>Es ist nie zu sp\u00e4t&#8230;.<\/p>\n<p>Eine Korrektur der Kiefer- und Zahnfehlstellungen ist in jedem Alter m\u00f6glich. Voraussetzung daf\u00fcr sind eine gute Mundhygiene und ein gesunder Zahnhalteapparat. Daher raten wir als Ihre Kieferorthop\u00e4den in Oberursel nicht nur vor, sondern auch w\u00e4hrend der kieferorthop\u00e4dischen Behandlung zu regelm\u00e4\u00dfigen Kontrollen bei Ihrem Zahnarzt. Eine enge Zusammenarbeit mit Ihrem Zahnarzt ist vor allem dann indiziert, wenn nach der kieferorthop\u00e4dischen Behandlung eine prothetische Versorgung (z.B. Implantat- oder Br\u00fcckenversorgung) geplant ist. Eine Korrektur der Zahnfehlstellungen im Frontzahnbereich zur Optimierung der \u00c4sthetik und zur Steigerung des eigenen Wohlbefindens geh\u00f6rt ebenfalls zu unserem Behandlungsspektrum.<\/p>\n<p>Heutzutage bietet die moderne Kieferorthop\u00e4die Behandlungsapparaturen, welche Ihren beruflichen Alltag nur geringf\u00fcgig beeinflussen. In einigen F\u00e4llen ist die Korrektur bzw. eine Therapie einer Zahn- und Kieferfehlstellung durch reine kieferorthop\u00e4dische Ma\u00dfnahmen nicht m\u00f6glich. Bei stark ausgepr\u00e4gten Kieferfehlstellungen und einer abgeschlossenen Wachstumsphase sollten kombiniert kieferorthop\u00e4dische und kieferchirurgische Ma\u00dfnahmen in Erw\u00e4gung gezogen werden. Wir, Ihre Kieferorthop\u00e4die Oberursel, beraten Sie gerne hierzu pers\u00f6nlich in unserer Praxis.<\/p>\n<h2>Folgende Behandlungsmittel stehen zur Verf\u00fcgung:<\/h2>\n","protected":false},"excerpt":{"rendered":"<p>Es ist nie zu sp\u00e4t&#8230;. Eine Korrektur der Kiefer- und Zahnfehlstellungen ist in jedem Alter m\u00f6glich. Voraussetzung daf\u00fcr sind eine [&hellip;]<\/p>\n","protected":false},"author":3,"featured_media":1984,"parent":0,"menu_order":8,"comment_status":"closed","ping_status":"closed","template":"page-templates\/naviitem.php","meta":{"_acf_changed":false,"footnotes":""},"class_list":["post-1797","page","type-page","status-publish","has-post-thumbnail","hentry"],"translation":{"provider":"WPGlobus","version":"3.0.2","language":"ko","enabled_languages":["de","en","ko"],"languages":{"de":{"title":true,"content":true,"excerpt":false},"en":{"title":true,"content":true,"excerpt":false},"ko":{"title":false,"content":false,"excerpt":false}}},"acf":[],"_links":{"self":[{"href":"https:\/\/bae2.de\/ko\/wp-json\/wp\/v2\/pages\/1797","targetHints":{"allow":["GET"]}}],"collection":[{"href":"https:\/\/bae2.de\/ko\/wp-json\/wp\/v2\/pages"}],"about":[{"href":"https:\/\/bae2.de\/ko\/wp-json\/wp\/v2\/types\/page"}],"author":[{"embeddable":true,"href":"https:\/\/bae2.de\/ko\/wp-json\/wp\/v2\/users\/3"}],"replies":[{"embeddable":true,"href":"https:\/\/bae2.de\/ko\/wp-json\/wp\/v2\/comments?post=1797"}],"version-history":[{"count":0,"href":"https:\/\/bae2.de\/ko\/wp-json\/wp\/v2\/pages\/1797\/revisions"}],"wp:featuredmedia":[{"embeddable":true,"href":"https:\/\/bae2.de\/ko\/wp-json\/wp\/v2\/media\/1984"}],"wp:attachment":[{"href":"https:\/\/bae2.de\/ko\/wp-json\/wp\/v2\/media?parent=1797"}],"curies":[{"name":"wp","href":"https:\/\/api.w.org\/{rel}","templated":true}]}}