{"id":1814,"date":"2019-06-28T08:55:17","date_gmt":"2019-06-28T08:55:17","guid":{"rendered":"https:\/\/bae2.de\/?page_id=1814"},"modified":"2019-06-28T08:58:25","modified_gmt":"2019-06-28T08:58:25","slug":"minipins","status":"publish","type":"page","link":"https:\/\/bae2.de\/ko\/erwachsene\/minipins\/","title":{"rendered":"Minipins"},"content":{"rendered":"<h3><\/h3>\n<h3><\/h3>\n<h3>Minipins<\/h3>\n<p>\nDie kleinen Schrauben, Minipins genannt, werden im Kiefer eingesetzt, um Bewegungen von Z\u00e4hnen zu erm\u00f6glichen, welche ansonsten nur mit gro\u00dfem Aufwand und eventuell mit Nebenwirkungen oder sichtbaren Au\u00dfenspangen m\u00f6glich w\u00e4ren. In vielen F\u00e4llen wird hierdurch eine Verk\u00fcrzung der Behandlungszeit erreicht. Bei erwachsenen Patienten k\u00f6nnen die Minipins in folgenden Situationen eingesetzt werden:<\/p>\n","protected":false},"excerpt":{"rendered":"<p>Minipins Die kleinen Schrauben, Minipins genannt, werden im Kiefer eingesetzt, um Bewegungen von Z\u00e4hnen zu erm\u00f6glichen, welche ansonsten nur mit [&hellip;]<\/p>\n","protected":false},"author":3,"featured_media":0,"parent":1797,"menu_order":3,"comment_status":"closed","ping_status":"closed","template":"","meta":{"_acf_changed":false,"footnotes":""},"class_list":["post-1814","page","type-page","status-publish","hentry"],"translation":{"provider":"WPGlobus","version":"3.0.2","language":"ko","enabled_languages":["de","en","ko"],"languages":{"de":{"title":true,"content":true,"excerpt":false},"en":{"title":false,"content":false,"excerpt":false},"ko":{"title":false,"content":false,"excerpt":false}}},"acf":[],"_links":{"self":[{"href":"https:\/\/bae2.de\/ko\/wp-json\/wp\/v2\/pages\/1814","targetHints":{"allow":["GET"]}}],"collection":[{"href":"https:\/\/bae2.de\/ko\/wp-json\/wp\/v2\/pages"}],"about":[{"href":"https:\/\/bae2.de\/ko\/wp-json\/wp\/v2\/types\/page"}],"author":[{"embeddable":true,"href":"https:\/\/bae2.de\/ko\/wp-json\/wp\/v2\/users\/3"}],"replies":[{"embeddable":true,"href":"https:\/\/bae2.de\/ko\/wp-json\/wp\/v2\/comments?post=1814"}],"version-history":[{"count":0,"href":"https:\/\/bae2.de\/ko\/wp-json\/wp\/v2\/pages\/1814\/revisions"}],"up":[{"embeddable":true,"href":"https:\/\/bae2.de\/ko\/wp-json\/wp\/v2\/pages\/1797"}],"wp:attachment":[{"href":"https:\/\/bae2.de\/ko\/wp-json\/wp\/v2\/media?parent=1814"}],"curies":[{"name":"wp","href":"https:\/\/api.w.org\/{rel}","templated":true}]}}