{"id":1828,"date":"2019-06-28T09:08:08","date_gmt":"2019-06-28T09:08:08","guid":{"rendered":"https:\/\/bae2.de\/?page_id=1828"},"modified":"2019-09-25T10:37:19","modified_gmt":"2019-09-25T10:37:19","slug":"kiefergelenksbeschwerden","status":"publish","type":"page","link":"https:\/\/bae2.de\/ko\/kiefergelenksbeschwerden\/","title":{"rendered":"Kiefergelenksbeschwerden"},"content":{"rendered":"<div class=\"spacer-s\"><\/div>\n<p>Z\u00e4hneknirschen (Bruxismus), Kieferschmerzen, Kiefergelenksger\u00e4usche, ausstrahlende lokale Kopfschmerzen und Beschwerden im Nackenbereich k\u00f6nnen Ihre Lebensqualit\u00e4t erheblich beeinflussen. Der K\u00f6rper stellt ein sehr komplexes System dar, in welchem anhand einer genauen Untersuchungsmethode (manuelle Strukturanalyse) zun\u00e4chst diagnostiziert werden muss, durch welche Strukturen beispielsweise Sehnen, Muskel oder Nervenstrukturen die Schmerzen verursacht werden. Je nachdem welche dieser drei Strukturen betroffen ist, wird die Therapie ausgerichtet. Eine klassische und effektive Behandlungsmethode stellt die Schienentherapie dar. Die Dicke, die Oberfl\u00e4chengestaltung (glatt oder mit Vertiefungen) und die Beschaffenheit (weich oder hart) der Schiene werden diagnoseabh\u00e4ngig bestimmt. In einigen F\u00e4llen ist zur erfolgreichen Schmerzbeseitigung eine Zusammenarbeit mit Physiotherapeuten oder Osteopathen mit Spezialisierung im Bereich der Craniomandibul\u00e4ren Dysfunktion obligatorisch. Neben der Schmerzbeseitigung sch\u00fctzt die durchsichtige Schiene bei Z\u00e4hneknirschen vor dem Abrieb der Zahnhartsubstanz und langfristig vor gravierenden Sch\u00e4den an den Z\u00e4hnen.<\/p>\n","protected":false},"excerpt":{"rendered":"<p>Z\u00e4hneknirschen (Bruxismus), Kieferschmerzen, Kiefergelenksger\u00e4usche, ausstrahlende lokale Kopfschmerzen und Beschwerden im Nackenbereich k\u00f6nnen Ihre Lebensqualit\u00e4t erheblich beeinflussen. Der K\u00f6rper stellt ein [&hellip;]<\/p>\n","protected":false},"author":3,"featured_media":1988,"parent":0,"menu_order":10,"comment_status":"closed","ping_status":"closed","template":"page-templates\/naviitem.php","meta":{"_acf_changed":false,"footnotes":""},"class_list":["post-1828","page","type-page","status-publish","has-post-thumbnail","hentry"],"translation":{"provider":"WPGlobus","version":"3.0.2","language":"ko","enabled_languages":["de","en","ko"],"languages":{"de":{"title":true,"content":true,"excerpt":false},"en":{"title":false,"content":false,"excerpt":false},"ko":{"title":false,"content":false,"excerpt":false}}},"acf":[],"_links":{"self":[{"href":"https:\/\/bae2.de\/ko\/wp-json\/wp\/v2\/pages\/1828","targetHints":{"allow":["GET"]}}],"collection":[{"href":"https:\/\/bae2.de\/ko\/wp-json\/wp\/v2\/pages"}],"about":[{"href":"https:\/\/bae2.de\/ko\/wp-json\/wp\/v2\/types\/page"}],"author":[{"embeddable":true,"href":"https:\/\/bae2.de\/ko\/wp-json\/wp\/v2\/users\/3"}],"replies":[{"embeddable":true,"href":"https:\/\/bae2.de\/ko\/wp-json\/wp\/v2\/comments?post=1828"}],"version-history":[{"count":0,"href":"https:\/\/bae2.de\/ko\/wp-json\/wp\/v2\/pages\/1828\/revisions"}],"wp:featuredmedia":[{"embeddable":true,"href":"https:\/\/bae2.de\/ko\/wp-json\/wp\/v2\/media\/1988"}],"wp:attachment":[{"href":"https:\/\/bae2.de\/ko\/wp-json\/wp\/v2\/media?parent=1828"}],"curies":[{"name":"wp","href":"https:\/\/api.w.org\/{rel}","templated":true}]}}