{"id":1845,"date":"2019-06-28T09:34:17","date_gmt":"2019-06-28T09:34:17","guid":{"rendered":"https:\/\/bae2.de\/?page_id=1845"},"modified":"2022-12-05T16:35:37","modified_gmt":"2022-12-05T16:35:37","slug":"parkplaetze","status":"publish","type":"page","link":"https:\/\/bae2.de\/ko\/parkplaetze\/","title":{"rendered":"Kostenfreie Parkpl\u00e4tze"},"content":{"rendered":"<p>\nIn der Tiefgarage unseres Geb\u00e4udes stehen kostenfreie Parkpl\u00e4tze f\u00fcr unsere Patienten zur Verf\u00fcgung.<br \/>\nWir w\u00fcnschen Ihnen eine komfortable sowie sichere Anreise zu Ihrem Kieferorthop\u00e4den Oberursel.<\/p>\n","protected":false},"excerpt":{"rendered":"<p>In der Tiefgarage unseres Geb\u00e4udes stehen kostenfreie Parkpl\u00e4tze f\u00fcr unsere Patienten zur Verf\u00fcgung. Wir w\u00fcnschen Ihnen eine komfortable sowie sichere [&hellip;]<\/p>\n","protected":false},"author":3,"featured_media":2016,"parent":0,"menu_order":13,"comment_status":"closed","ping_status":"closed","template":"page-templates\/naviitem.php","meta":{"_acf_changed":false,"footnotes":""},"class_list":["post-1845","page","type-page","status-publish","has-post-thumbnail","hentry"],"translation":{"provider":"WPGlobus","version":"3.0.2","language":"ko","enabled_languages":["de","en","ko"],"languages":{"de":{"title":true,"content":true,"excerpt":false},"en":{"title":true,"content":true,"excerpt":false},"ko":{"title":false,"content":false,"excerpt":false}}},"acf":[],"_links":{"self":[{"href":"https:\/\/bae2.de\/ko\/wp-json\/wp\/v2\/pages\/1845","targetHints":{"allow":["GET"]}}],"collection":[{"href":"https:\/\/bae2.de\/ko\/wp-json\/wp\/v2\/pages"}],"about":[{"href":"https:\/\/bae2.de\/ko\/wp-json\/wp\/v2\/types\/page"}],"author":[{"embeddable":true,"href":"https:\/\/bae2.de\/ko\/wp-json\/wp\/v2\/users\/3"}],"replies":[{"embeddable":true,"href":"https:\/\/bae2.de\/ko\/wp-json\/wp\/v2\/comments?post=1845"}],"version-history":[{"count":0,"href":"https:\/\/bae2.de\/ko\/wp-json\/wp\/v2\/pages\/1845\/revisions"}],"wp:featuredmedia":[{"embeddable":true,"href":"https:\/\/bae2.de\/ko\/wp-json\/wp\/v2\/media\/2016"}],"wp:attachment":[{"href":"https:\/\/bae2.de\/ko\/wp-json\/wp\/v2\/media?parent=1845"}],"curies":[{"name":"wp","href":"https:\/\/api.w.org\/{rel}","templated":true}]}}