{"id":1934,"date":"2019-07-02T08:04:04","date_gmt":"2019-07-02T08:04:04","guid":{"rendered":"https:\/\/bae2.de\/?page_id=1934"},"modified":"2022-04-27T07:46:04","modified_gmt":"2022-04-27T07:46:04","slug":"patienten","status":"publish","type":"page","link":"https:\/\/bae2.de\/ko\/patienten\/","title":{"rendered":"F\u00fcr Patienten"},"content":{"rendered":"<p>Die kompetente und vor test allem individuelle Beratung sowie Betreuung jedes einzelnen Patienten entspricht unserer Praxisphilosophie. Jeder Patient wird in unserer Kieferorthop\u00e4die Oberursel einem Fachzahnarzt f\u00fcr Kieferorthop\u00e4die zugeteilt und bis zum Abschluss der Behandlung pers\u00f6nlich betreut. Dies erm\u00f6glicht eine erh\u00f6hte Transparenz in der Behandlung und bietet dem Patienten die M\u00f6glichkeit, sich bei Bedarf direkt an den zust\u00e4ndigen Arzt zu wenden.<\/p>\n","protected":false},"excerpt":{"rendered":"<p>Die kompetente und vor test allem individuelle Beratung sowie Betreuung jedes einzelnen Patienten entspricht unserer Praxisphilosophie. Jeder Patient wird in [&hellip;]<\/p>\n","protected":false},"author":3,"featured_media":1996,"parent":0,"menu_order":11,"comment_status":"closed","ping_status":"closed","template":"page-templates\/patienten.php","meta":{"_acf_changed":false,"footnotes":""},"class_list":["post-1934","page","type-page","status-publish","has-post-thumbnail","hentry"],"translation":{"provider":"WPGlobus","version":"3.0.2","language":"ko","enabled_languages":["de","en","ko"],"languages":{"de":{"title":true,"content":true,"excerpt":false},"en":{"title":true,"content":true,"excerpt":false},"ko":{"title":false,"content":false,"excerpt":false}}},"acf":[],"_links":{"self":[{"href":"https:\/\/bae2.de\/ko\/wp-json\/wp\/v2\/pages\/1934","targetHints":{"allow":["GET"]}}],"collection":[{"href":"https:\/\/bae2.de\/ko\/wp-json\/wp\/v2\/pages"}],"about":[{"href":"https:\/\/bae2.de\/ko\/wp-json\/wp\/v2\/types\/page"}],"author":[{"embeddable":true,"href":"https:\/\/bae2.de\/ko\/wp-json\/wp\/v2\/users\/3"}],"replies":[{"embeddable":true,"href":"https:\/\/bae2.de\/ko\/wp-json\/wp\/v2\/comments?post=1934"}],"version-history":[{"count":0,"href":"https:\/\/bae2.de\/ko\/wp-json\/wp\/v2\/pages\/1934\/revisions"}],"wp:featuredmedia":[{"embeddable":true,"href":"https:\/\/bae2.de\/ko\/wp-json\/wp\/v2\/media\/1996"}],"wp:attachment":[{"href":"https:\/\/bae2.de\/ko\/wp-json\/wp\/v2\/media?parent=1934"}],"curies":[{"name":"wp","href":"https:\/\/api.w.org\/{rel}","templated":true}]}}