{"id":4,"date":"2017-10-19T09:08:17","date_gmt":"2017-10-19T09:08:17","guid":{"rendered":"https:\/\/fluke.beocondis-apps.de\/?page_id=4"},"modified":"2022-12-05T16:32:54","modified_gmt":"2022-12-05T16:32:54","slug":"start","status":"publish","type":"page","link":"https:\/\/bae2.de\/ko\/","title":{"rendered":"Start"},"content":{"rendered":"<div class=\"col-12 col-lg-6 mt-5\">\n<p>Als Fachzahn\u00e4rzte f\u00fcr Kieferorthop\u00e4die bieten wir Ihnen in unserer Kieferorthop\u00e4die Oberursel im Bereich der modernen Kieferorthop\u00e4die ein breit gef\u00e4chertes Spektrum an Behandlungsm\u00f6glichkeiten f\u00fcr jedes Alter. <a href=\"\/kinder\/\">Kinder<\/a>, <a href=\"\/jugendliche\/\">Jugendliche<\/a> und <a href=\"\/erwachsene\/\">Erwachsene<\/a> d\u00fcrfen sich bei uns, Ihren Kieferorthop\u00e4den in Oberursel, jederzeit in den besten H\u00e4nden wissen.<\/p>\n<p>Basierend auf pers\u00f6nlichen Erlebnissen, den beruflichen Erfahrungen und den famili\u00e4ren Werten sowie Tugenden entstand ein besonders patientenfreundliches Praxiskonzept:<\/p>\n<p><span class=\"text-uppercase neon\">Ehrlichkeit<\/span><br \/>\nAlle Mitarbeiter und \u00c4rzte werden Ihnen stets mit Ehrlichkeit gegen\u00fcbertreten.<\/p>\n<p><span class=\"text-uppercase neon\">H\u00f6flichkeit<\/span><br \/>\nEs wird eine hohe Priorit\u00e4t auf den h\u00f6flichen Umgang mit unseren Patienten gelegt. Selbstverst\u00e4ndlich wird auch ein h\u00f6flicher Umgang zwischen den Mitarbeitern gepflegt. Unseres Erachtens stellt dies den Grundstein f\u00fcr eine gute Zusammenarbeit dar.<\/p>\n<p><span class=\"text-uppercase neon\">Transparenz<\/span><br \/>\nEs wird Ihnen vor, w\u00e4hrend und nach der Behandlung vollkommene Transparenz in Ihrer Behandlung gew\u00e4hrt, so dass Sie sich bei Fragen an die Mitarbeiter oder auch direkt an die \u00c4rzte wenden k\u00f6nnen.<\/p>\n<p><span class=\"text-uppercase neon\">Positives Arbeitsklima<\/span><br \/>\nEin positives Arbeitsklima sorgt nicht nur f\u00fcr ein gutes Verh\u00e4ltnis zwischen den Mitarbeitern, sondern beeinflusst auch das Wohlbefinden des Patienten sowie die Gesamtatmosph\u00e4re in der Praxis.<\/p>\n<\/div>\n<div class=\"col-12 col-lg-6 mt-lg-5\">\n<p><span class=\"text-uppercase neon\">Angenehme Raumgestaltung<\/span><br \/>\nUnsere R\u00e4umlichkeiten bieten Ihnen ein gro\u00dfz\u00fcgiges Wartezimmer mit einer Spielecke f\u00fcr unsere jungen Patienten. Als Eltern zweier Kleinkinder ist uns bewusst, dass sich der Alltag terminlich oft nicht einfach gestalten l\u00e4sst. Die Einrichtung einer Spielecke im Wartezimmer soll es allen Eltern erm\u00f6glichen, zumindest w\u00e4hrend des Aufenthalts in unserer Kieferorthop\u00e4die Oberursel eine kurze Pause einlegen zu k\u00f6nnen.<\/p>\n<p><span class=\"text-uppercase neon\">Das Wohl des Patienten steht im Vordergrund<\/span><br \/>\n&#8220;\u2026ich will meine Ratschl\u00e4ge und Verordnungen zum Heil der Kranken nach bestem Wissen und K\u00f6nnen geben. Meine Patienten werde ich dabei sch\u00fctzen vor allem, was Ihnen schaden k\u00f6nnte oder Unrecht t\u00e4te\u2026&#8221; (Auszug aus dem Eid des Hippokrates)<\/p>\n<p><span class=\"text-uppercase neon\">Individualit\u00e4t im Fokus<\/span><br \/>\nVor jedem Behandlungsbeginn wird ein auf jedes Individuum abgestimmter Behandlungsplan angefertigt. Dieser basiert auf aktuellem kieferorthop\u00e4dischen Fachwissen, worin die Bed\u00fcrfnisse jedes einzelnen Patienten ebenfalls ber\u00fccksichtigt werden. Die regelm\u00e4\u00dfige Teilnahme an Fortbildungen erm\u00f6glicht es uns unsere Patienten auf dem neuesten Stand der Technik und Wissenschaft zu behandeln und ein breites Spektrum an Behandlungsm\u00f6glichkeiten in unserer Kieferorthop\u00e4die Oberursel anzubieten.<\/p>\n<p>Wir w\u00fcrden uns freuen, Sie schon bald in unserer Praxis begr\u00fc\u00dfen zu d\u00fcrfen.<\/p>\n<p><strong>Ihre KFO Oberursel Dres. Bae und das Praxisteam<\/strong><\/p>\n<\/div>\n","protected":false},"excerpt":{"rendered":"<p>Als Fachzahn\u00e4rzte f\u00fcr Kieferorthop\u00e4die bieten wir Ihnen in unserer Kieferorthop\u00e4die Oberursel im Bereich der modernen Kieferorthop\u00e4die ein breit gef\u00e4chertes Spektrum [&hellip;]<\/p>\n","protected":false},"author":3,"featured_media":2001,"parent":0,"menu_order":1,"comment_status":"closed","ping_status":"closed","template":"page-templates\/new-bae-one.php","meta":{"_acf_changed":false,"footnotes":""},"class_list":["post-4","page","type-page","status-publish","has-post-thumbnail","hentry"],"translation":{"provider":"WPGlobus","version":"3.0.2","language":"ko","enabled_languages":["de","en","ko"],"languages":{"de":{"title":true,"content":true,"excerpt":false},"en":{"title":false,"content":true,"excerpt":false},"ko":{"title":false,"content":false,"excerpt":false}}},"acf":[],"_links":{"self":[{"href":"https:\/\/bae2.de\/ko\/wp-json\/wp\/v2\/pages\/4","targetHints":{"allow":["GET"]}}],"collection":[{"href":"https:\/\/bae2.de\/ko\/wp-json\/wp\/v2\/pages"}],"about":[{"href":"https:\/\/bae2.de\/ko\/wp-json\/wp\/v2\/types\/page"}],"author":[{"embeddable":true,"href":"https:\/\/bae2.de\/ko\/wp-json\/wp\/v2\/users\/3"}],"replies":[{"embeddable":true,"href":"https:\/\/bae2.de\/ko\/wp-json\/wp\/v2\/comments?post=4"}],"version-history":[{"count":0,"href":"https:\/\/bae2.de\/ko\/wp-json\/wp\/v2\/pages\/4\/revisions"}],"wp:featuredmedia":[{"embeddable":true,"href":"https:\/\/bae2.de\/ko\/wp-json\/wp\/v2\/media\/2001"}],"wp:attachment":[{"href":"https:\/\/bae2.de\/ko\/wp-json\/wp\/v2\/media?parent=4"}],"curies":[{"name":"wp","href":"https:\/\/api.w.org\/{rel}","templated":true}]}}